{"id":84,"date":"2023-08-13T18:55:39","date_gmt":"2023-08-13T18:55:39","guid":{"rendered":"http:\/\/fk-villastahmer.veldten.eu\/?page_id=84"},"modified":"2024-07-11T09:03:24","modified_gmt":"2024-07-11T09:03:24","slug":"home","status":"publish","type":"page","link":"https:\/\/fk-villastahmer.de\/","title":{"rendered":"Home"},"content":{"rendered":"\r\n\r\n\r\n<h3 style=\"text-align: center;\"><strong>Willkommen beim Freundeskreis Museum Villa Stahmer e.V. in Georgsmarienh\u00fctte<\/strong><\/h3>\r\n\r\n\r\n\r\n\r\n\r\n<p><img loading=\"lazy\" decoding=\"async\" class=\"size-medium wp-image-383 alignleft\" src=\"http:\/\/fk-villastahmer.de\/wp-content\/uploads\/2024\/06\/Villa-Stahmer-1-225x300.jpg\" alt=\"\" width=\"225\" height=\"300\" \/>Als eines der sch\u00f6nsten H\u00e4user im Landkreis Osnabr\u00fcck pr\u00e4sentiert sich die Villa Stahmer in Georgsmarienh\u00fctte. Diente das 1900 erbaute, schloss\u00e4hnliche Geb\u00e4ude mit seinen T\u00fcrmen und mehreren Giebeln dem Fabrikanten Robert Stahmer und seiner Familie einst als Quartier, ist es jetzt das Museum der Stadt Georgsmarienh\u00fctte.<\/p>\r\n\r\n\r\n\r\n<p>Im Jahr 2017 gr\u00fcndete eine Gruppe von engagierten Ehrenamtlichen den Verein \u201eFreundeskreis Museum Villa Stahmer e. V.\u201c zur Unterst\u00fctzung dieses sch\u00f6nen Museums. Neben F\u00fchrungen durch das Museum und Ausstellungen wird den interessierten Besuchern regelm\u00e4\u00dfig ein breitgef\u00e4chertes Kulturprogramm mit verschiedensten musikalischen und literarischen Veranstaltungen geboten.\u00a0<\/p>\r\n<p>&nbsp;<\/p>\r\n<p>&nbsp;<\/p>\r\n<p>&nbsp;<\/p>\r\n<h3 style=\"text-align: center;\"><strong>Aktuelle Veranstaltungen<\/strong><\/h3>\r\n<style type='text\/css' media='all'>#rt-tpg-container-1156540534 .rt-holder .rt-woo-info .price{color:#0367bf;}body .rt-tpg-container .rt-tpg-isotope-buttons .selected,\n\t\t\t\t\t#rt-tpg-container-1156540534 .layout12 .rt-holder:hover .rt-detail,\n\t\t\t\t\t#rt-tpg-container-1156540534 .isotope8 .rt-holder:hover .rt-detail,\n\t\t\t\t\t#rt-tpg-container-1156540534 .carousel8 .rt-holder:hover .rt-detail,\n\t\t\t\t\t#rt-tpg-container-1156540534 .layout13 .rt-holder .overlay .post-info,\n\t\t\t\t\t#rt-tpg-container-1156540534 .isotope9 .rt-holder .overlay .post-info,\n\t\t\t\t\t#rt-tpg-container-1156540534.rt-tpg-container .layout4 .rt-holder .rt-detail,\n\t\t\t\t\t.rt-modal-1156540534 .md-content,\n\t\t\t\t\t.rt-modal-1156540534 .md-content > .rt-md-content-holder .rt-md-content,\n\t\t\t\t\t.rt-popup-wrap-1156540534.rt-popup-wrap .rt-popup-navigation-wrap,\n\t\t\t\t\t#rt-tpg-container-1156540534 .carousel9 .rt-holder .overlay .post-info{background-color:#0367bf;}#rt-tpg-container-1156540534 .layout5 .rt-holder .overlay, #rt-tpg-container-1156540534 .isotope2 .rt-holder .overlay, #rt-tpg-container-1156540534 .carousel2 .rt-holder .overlay,#rt-tpg-container-1156540534 .layout15 .rt-holder h3, #rt-tpg-container-1156540534 .isotope11 .rt-holder h3, #rt-tpg-container-1156540534 .carousel11 .rt-holder h3, #rt-tpg-container-1156540534 .layout16 .rt-holder h3,\n\t\t\t\t\t#rt-tpg-container-1156540534 .isotope12 .rt-holder h3, #rt-tpg-container-1156540534 .carousel12 .rt-holder h3 {background-color:rgba(3,103,191,0.8);}#rt-tpg-container-1156540534 .read-more a{border-radius:px;}#rt-tpg-container-1156540534 .rt-img-holder img.rt-img-responsive,#rt-tpg-container-1156540534 .rt-img-holder,\n\t\t\t\t\t#rt-tpg-container-1156540534 .rt-post-overlay .post-img,\n\t\t\t\t\t#rt-tpg-container-1156540534 .post-sm .post-img,\n\t\t\t\t\t#rt-tpg-container-1156540534 .rt-post-grid .post-img,\n\t\t\t\t\t#rt-tpg-container-1156540534 .post-img img {border-radius:px;}<\/style><div class='rt-container-fluid rt-tpg-container tpg-shortcode-main-wrapper ' id='rt-tpg-container-1156540534'   data-layout='layout1' data-grid-style='even' data-desktop-col='3'  data-tab-col='2'  data-mobile-col='1' data-sc-id='212'><div id=\"bottom-script-loader\" class=\"bottom-script-loader\"><div class=\"rt-ball-clip-rotate\"><div><\/div><\/div><\/div><div data-title='Loading ...' class='rt-row rt-content-loader   layout1 tpg-even '><div class=\"rt-col-md-4 rt-col-sm-6 rt-col-xs-12 even-grid-item rt-grid-item\" data-id=\"631\"><div class=\"rt-holder\"><div class=\"rt-img-holder\"><a data-id=\"631\" class=\"\" href=\"https:\/\/fk-villastahmer.de\/?p=631\"><img loading=\"lazy\" decoding=\"async\" width=\"1240\" height=\"1754\" src=\"https:\/\/fk-villastahmer.de\/wp-content\/uploads\/2026\/03\/Plakat3-Wiebke_Schroeder.jpg\" class=\"rt-img-responsive \" alt=\"\" \/><\/a><\/div><div class='rt-detail'><h3 class=\"entry-title\"><a data-id=\"631\" class=\"\" href=\"https:\/\/fk-villastahmer.de\/?p=631\">Wiebke Schr\u00f6der Trio<\/a><\/h3><div class='tpg-excerpt'>Wiebke Schr\u00f6der Trio in der Villa Stahmer &nbsp; Mit dem neuen Album \u201eTales Untold\u201c (Hey!Jazz) dringt das Wiebke Schr\u00f6der Trio...<\/div><div class='post-meta '><span class='read-more'><a data-id='631' class='' href='https:\/\/fk-villastahmer.de\/?p=631'>Mehr lesen ...<\/a><\/span><\/div><\/div><\/div><\/div><div class=\"rt-col-md-4 rt-col-sm-6 rt-col-xs-12 even-grid-item rt-grid-item\" data-id=\"619\"><div class=\"rt-holder\"><div class=\"rt-img-holder\"><a data-id=\"619\" class=\"\" href=\"https:\/\/fk-villastahmer.de\/?p=619\"><img loading=\"lazy\" decoding=\"async\" width=\"1240\" height=\"1754\" src=\"https:\/\/fk-villastahmer.de\/wp-content\/uploads\/2026\/02\/Plakat2-Free-Waves_1.jpg\" class=\"rt-img-responsive \" alt=\"\" \/><\/a><\/div><div class='rt-detail'><h3 class=\"entry-title\"><a data-id=\"619\" class=\"\" href=\"https:\/\/fk-villastahmer.de\/?p=619\">Irischer Abend in der Villa Stahmer<\/a><\/h3><div class='tpg-excerpt'>Irischer Abend in der Villa Stahmer mit der Gruppe Free Waves Die Veranstaltung ist leider ausgebucht! &nbsp; Free Waves spielen...<\/div><div class='post-meta '><span class='read-more'><a data-id='619' class='' href='https:\/\/fk-villastahmer.de\/?p=619'>Mehr lesen ...<\/a><\/span><\/div><\/div><\/div><\/div><div class=\"rt-col-md-4 rt-col-sm-6 rt-col-xs-12 even-grid-item rt-grid-item\" data-id=\"614\"><div class=\"rt-holder\"><div class=\"rt-img-holder\"><a data-id=\"614\" class=\"\" href=\"https:\/\/fk-villastahmer.de\/?p=614\"><img loading=\"lazy\" decoding=\"async\" width=\"1240\" height=\"1754\" src=\"https:\/\/fk-villastahmer.de\/wp-content\/uploads\/2026\/02\/Plakat-Klangspannungen-Grenzenlos.jpg\" class=\"rt-img-responsive \" alt=\"\" \/><\/a><\/div><div class='rt-detail'><h3 class=\"entry-title\"><a data-id=\"614\" class=\"\" href=\"https:\/\/fk-villastahmer.de\/?p=614\">Klangspannungen grenzenlos<\/a><\/h3><div class='tpg-excerpt'>Klangspannungen grenzenlos \u00a0\u00a0\u00a0 Meisterwerke der Musik aufgef\u00fchrt von Teilnehmern des \u201eJugend Musiziert\u201c Wettbewerbs 2026\u00a0 \u00a0 Mathilda Majersky, Violine\u00a0 *\u00a0\u00a0 Henriette...<\/div><div class='post-meta '><span class='read-more'><a data-id='614' class='' href='https:\/\/fk-villastahmer.de\/?p=614'>Mehr lesen ...<\/a><\/span><\/div><\/div><\/div><\/div><\/div><\/div>\r\n<h3 style=\"text-align: center;\"><strong>Neueste Nachrichten<\/strong><\/h3>\r\n<style type='text\/css' media='all'>#rt-tpg-container-1778604924 .rt-holder .rt-woo-info .price{color:#0367bf;}body .rt-tpg-container .rt-tpg-isotope-buttons .selected,\n\t\t\t\t\t#rt-tpg-container-1778604924 .layout12 .rt-holder:hover .rt-detail,\n\t\t\t\t\t#rt-tpg-container-1778604924 .isotope8 .rt-holder:hover .rt-detail,\n\t\t\t\t\t#rt-tpg-container-1778604924 .carousel8 .rt-holder:hover .rt-detail,\n\t\t\t\t\t#rt-tpg-container-1778604924 .layout13 .rt-holder .overlay .post-info,\n\t\t\t\t\t#rt-tpg-container-1778604924 .isotope9 .rt-holder .overlay .post-info,\n\t\t\t\t\t#rt-tpg-container-1778604924.rt-tpg-container .layout4 .rt-holder .rt-detail,\n\t\t\t\t\t.rt-modal-1778604924 .md-content,\n\t\t\t\t\t.rt-modal-1778604924 .md-content > .rt-md-content-holder .rt-md-content,\n\t\t\t\t\t.rt-popup-wrap-1778604924.rt-popup-wrap .rt-popup-navigation-wrap,\n\t\t\t\t\t#rt-tpg-container-1778604924 .carousel9 .rt-holder .overlay .post-info{background-color:#0367bf;}#rt-tpg-container-1778604924 .layout5 .rt-holder .overlay, #rt-tpg-container-1778604924 .isotope2 .rt-holder .overlay, #rt-tpg-container-1778604924 .carousel2 .rt-holder .overlay,#rt-tpg-container-1778604924 .layout15 .rt-holder h3, #rt-tpg-container-1778604924 .isotope11 .rt-holder h3, #rt-tpg-container-1778604924 .carousel11 .rt-holder h3, #rt-tpg-container-1778604924 .layout16 .rt-holder h3,\n\t\t\t\t\t#rt-tpg-container-1778604924 .isotope12 .rt-holder h3, #rt-tpg-container-1778604924 .carousel12 .rt-holder h3 {background-color:rgba(3,103,191,0.8);}#rt-tpg-container-1778604924 .read-more a{border-radius:px;}#rt-tpg-container-1778604924 .rt-img-holder img.rt-img-responsive,#rt-tpg-container-1778604924 .rt-img-holder,\n\t\t\t\t\t#rt-tpg-container-1778604924 .rt-post-overlay .post-img,\n\t\t\t\t\t#rt-tpg-container-1778604924 .post-sm .post-img,\n\t\t\t\t\t#rt-tpg-container-1778604924 .rt-post-grid .post-img,\n\t\t\t\t\t#rt-tpg-container-1778604924 .post-img img {border-radius:px;}<\/style><div class='rt-container-fluid rt-tpg-container tpg-shortcode-main-wrapper ' id='rt-tpg-container-1778604924'   data-layout='layout1' data-grid-style='even' data-desktop-col='3'  data-tab-col='2'  data-mobile-col='1' data-sc-id='195'><div id=\"bottom-script-loader\" class=\"bottom-script-loader\"><div class=\"rt-ball-clip-rotate\"><div><\/div><\/div><\/div><div data-title='Loading ...' class='rt-row rt-content-loader   layout1 tpg-even '><div class=\"rt-col-md-4 rt-col-sm-6 rt-col-xs-12 even-grid-item rt-grid-item\" data-id=\"498\"><div class=\"rt-holder\"><div class=\"rt-img-holder\"><a data-id=\"498\" class=\"\" href=\"https:\/\/fk-villastahmer.de\/?p=498\"><img loading=\"lazy\" decoding=\"async\" width=\"526\" height=\"423\" src=\"https:\/\/fk-villastahmer.de\/wp-content\/uploads\/2025\/01\/Jahresprogramm-1.jpg\" class=\"rt-img-responsive \" alt=\"\" \/><\/a><\/div><div class='rt-detail'><h3 class=\"entry-title\"><a data-id=\"498\" class=\"\" href=\"https:\/\/fk-villastahmer.de\/?p=498\">Save The Date \u2013 Jahresprogramm 2025<\/a><\/h3><div class='post-meta-user  '><span class='date'><i class='far fa-calendar-alt '><\/i>19.01.2025<\/span><\/div><div class='tpg-excerpt'>Liebe Freundinnen und Freunde der Kultur, freuen Sie sich auch in diesem Jahr wieder auf ein abwechslungsreiches und spannendes Programm...<\/div><div class='post-meta '><span class='read-more'><a data-id='498' class='' href='https:\/\/fk-villastahmer.de\/?p=498'>Mehr lesen ...<\/a><\/span><\/div><\/div><\/div><\/div><div class=\"rt-col-md-4 rt-col-sm-6 rt-col-xs-12 even-grid-item rt-grid-item\" data-id=\"189\"><div class=\"rt-holder\"><div class=\"rt-img-holder\"><a data-id=\"189\" class=\"\" href=\"https:\/\/fk-villastahmer.de\/?p=189\"><img loading=\"lazy\" decoding=\"async\" width=\"1772\" height=\"1329\" src=\"https:\/\/fk-villastahmer.de\/wp-content\/uploads\/2023\/07\/Museumsraum-180322-1.jpg\" class=\"rt-img-responsive \" alt=\"\" \/><\/a><\/div><div class='rt-detail'><h3 class=\"entry-title\"><a data-id=\"189\" class=\"\" href=\"https:\/\/fk-villastahmer.de\/?p=189\">Programm-Ausblick 2023<\/a><\/h3><div class='post-meta-user  '><span class='date'><i class='far fa-calendar-alt '><\/i>02.02.2023<\/span><\/div><div class='tpg-excerpt'>\u00a0 Freundeskreis Museum Villa Stahmer e.V. Ausblick 2023 &nbsp; Das Programm 2023 des Freundeskreis Museum Villa Stahmer liegt inzwischen vor...<\/div><div class='post-meta '><span class='read-more'><a data-id='189' class='' href='https:\/\/fk-villastahmer.de\/?p=189'>Mehr lesen ...<\/a><\/span><\/div><\/div><\/div><\/div><div class=\"rt-col-md-4 rt-col-sm-6 rt-col-xs-12 even-grid-item rt-grid-item\" data-id=\"543\"><div class=\"rt-holder\"><div class=\"rt-img-holder\"><a data-id=\"543\" class=\"\" href=\"https:\/\/fk-villastahmer.de\/?p=543\"><img loading=\"lazy\" decoding=\"async\" width=\"819\" height=\"614\" src=\"https:\/\/fk-villastahmer.de\/wp-content\/uploads\/2025\/07\/Uebersicht-1.jpg\" class=\"rt-img-responsive \" alt=\"\" \/><\/a><\/div><div class='rt-detail'><h3 class=\"entry-title\"><a data-id=\"543\" class=\"\" href=\"https:\/\/fk-villastahmer.de\/?p=543\">Kunst am Zaun<\/a><\/h3><div class='post-meta-user  '><span class='date'><i class='far fa-calendar-alt '><\/i>18.07.2025<\/span><\/div><div class='tpg-excerpt'>Kunst am Zaun Open Air an der Villa Stahmer \u00a0 Es war ein sehr erfolgreicher und sch\u00f6ner Sonntagnachmittag f\u00fcr den...<\/div><div class='post-meta '><span class='read-more'><a data-id='543' class='' href='https:\/\/fk-villastahmer.de\/?p=543'>Mehr lesen ...<\/a><\/span><\/div><\/div><\/div><\/div><\/div><div class='rt-pagination-wrap' data-total-pages='2' data-posts-per-page='3' data-type='pagination'  ><div class=\"rt-pagination\" ><ul class=\"pagination-list\"><li class=\"active\"><span>1<\/span><\/li><li><a data-paged='2' href='https:\/\/fk-villastahmer.de\/index.php?rest_route=%2Fwp%2Fv2%2Fpages%2F84&#038;paged=2'>2<\/a><\/li><\/ul><\/div><\/div><\/div>\r\n","protected":false},"excerpt":{"rendered":"<p>Willkommen beim Freundeskreis Museum Villa Stahmer e.V. in Georgsmarienh\u00fctte Als eines der sch\u00f6nsten H\u00e4user im Landkreis Osnabr\u00fcck pr\u00e4sentiert sich die Villa Stahmer in Georgsmarienh\u00fctte. Diente das 1900 erbaute, schloss\u00e4hnliche Geb\u00e4ude mit seinen T\u00fcrmen und mehreren Giebeln dem Fabrikanten Robert Stahmer&#8230; <a href=\"https:\/\/fk-villastahmer.de\/?p=543\" class=\"readmore\">Mehr lesen &#8230;<span class=\"screen-reader-text\">Kunst am Zaun<\/span><span class=\"fa fa-angle-double-right\" aria-hidden=\"true\"><\/span><\/a><\/p>\n","protected":false},"author":1,"featured_media":0,"parent":0,"menu_order":0,"comment_status":"closed","ping_status":"closed","template":"","meta":{"_mc_calendar":[],"footnotes":""},"class_list":["post-84","page","type-page","status-publish","hentry","content-layout-full"],"rttpg_featured_image_url":null,"rttpg_author":{"display_name":"g","author_link":"https:\/\/fk-villastahmer.de\/?author=1"},"rttpg_comment":0,"rttpg_category":"","rttpg_excerpt":"Willkommen beim Freundeskreis Museum Villa Stahmer e.V. in Georgsmarienh\u00fctte Als eines der sch\u00f6nsten H\u00e4user im Landkreis Osnabr\u00fcck pr\u00e4sentiert sich die Villa Stahmer in Georgsmarienh\u00fctte. Diente das 1900 erbaute, schloss\u00e4hnliche Geb\u00e4ude mit seinen T\u00fcrmen und mehreren Giebeln dem Fabrikanten Robert Stahmer... Mehr lesen ...Kunst am Zaun","_links":{"self":[{"href":"https:\/\/fk-villastahmer.de\/index.php?rest_route=\/wp\/v2\/pages\/84","targetHints":{"allow":["GET"]}}],"collection":[{"href":"https:\/\/fk-villastahmer.de\/index.php?rest_route=\/wp\/v2\/pages"}],"about":[{"href":"https:\/\/fk-villastahmer.de\/index.php?rest_route=\/wp\/v2\/types\/page"}],"author":[{"embeddable":true,"href":"https:\/\/fk-villastahmer.de\/index.php?rest_route=\/wp\/v2\/users\/1"}],"replies":[{"embeddable":true,"href":"https:\/\/fk-villastahmer.de\/index.php?rest_route=%2Fwp%2Fv2%2Fcomments&post=84"}],"version-history":[{"count":20,"href":"https:\/\/fk-villastahmer.de\/index.php?rest_route=\/wp\/v2\/pages\/84\/revisions"}],"predecessor-version":[{"id":446,"href":"https:\/\/fk-villastahmer.de\/index.php?rest_route=\/wp\/v2\/pages\/84\/revisions\/446"}],"wp:attachment":[{"href":"https:\/\/fk-villastahmer.de\/index.php?rest_route=%2Fwp%2Fv2%2Fmedia&parent=84"}],"curies":[{"name":"wp","href":"https:\/\/api.w.org\/{rel}","templated":true}]}}