{"id":105,"date":"2023-08-23T16:16:03","date_gmt":"2023-08-23T16:16:03","guid":{"rendered":"http:\/\/fk-villastahmer.veldten.eu\/?page_id=105"},"modified":"2024-06-20T18:02:05","modified_gmt":"2024-06-20T18:02:05","slug":"impressum-und-datenschutzerklaerung","status":"publish","type":"page","link":"https:\/\/fk-villastahmer.de\/?page_id=105","title":{"rendered":"Impressum und Datenschutzerkl\u00e4rung"},"content":{"rendered":"<h1><strong>Impressum und Datenschutzerkl\u00e4rung<br \/>\n<\/strong><\/h1>\n<p><strong>Impressum<\/strong><\/p>\n<p><strong>Angaben gem\u00e4\u00df \u00a7 5 TMG<\/strong><\/p>\n<p><strong>Freundeskreis Museum Villa Stahmer Georgsmarienh\u00fctte e.V.<br \/>\n<\/strong><\/p>\n<p>Nachtigallweg 3<\/p>\n<p>49124 Georgsmarienh\u00fctte<\/p>\n<p>Telefon: (+49) 176 70242395<\/p>\n<p>E-Mail: <a class=\"cm_anchor\" href=\"mailto:info@fk-villastahmer.de\">info@fk-villastahmer.de<\/a><\/p>\n<p>Internet: https:\/\/www.fk-villastahmer.de<\/p>\n<p>vertreten<\/p>\n<p><strong>durch den 1. Vorsitzenden<\/strong><\/p>\n<p><strong>G. Robin Morrison<\/strong><\/p>\n<p>Nachtigallweg 3<\/p>\n<p>49124 Georgsmarienh\u00fctte<\/p>\n<p>Telefon: (+49) 176 70242395<\/p>\n<p>E-Mail: <a class=\"cm_anchor\" href=\"mailto:info@fk-villastahmer.de\">info@fk-villastahmer.de<\/a><\/p>\n<p><strong>Registergericht<\/strong>: Amtsgericht Osnabr\u00fcck<\/p>\n<p><strong>Registernummer<\/strong>: 201662<\/p>\n<p><strong>verantwortlich im Sinne des Presserechts:<\/strong><\/p>\n<p>Robin Morrison<\/p>\n<p>Nachtigallweg 3<\/p>\n<p>49124 Georgsmarienh\u00fctte<\/p>\n<p>Telefon: (+49) 176 70242395<\/p>\n<p>E-Mail: <a class=\"cm_anchor\" href=\"mailto:info@fk-villastahmer.de\">info@fk-villastahmer.de<\/a><\/p>\n<p>&nbsp;<\/p>\n<p><strong>Gestaltung und Webdesign<\/strong><\/p>\n<p>Horst-Gunther Veldten<\/p>\n<p>Buchenweg 2<\/p>\n<p>49186 Bad Iburg<\/p>\n<p>Telefon: (+49) 5403 724030<\/p>\n<p>E-Mail: <a href=\"mailto:info@veldten.eu\">info@veldten.eu<\/a><\/p>\n<p>&nbsp;<\/p>\n<p><strong>Rechtliche Hinweise<\/strong><\/p>\n<p><strong>Inhalt<\/strong><\/p>\n<p>Trotz sorgf\u00e4ltiger Pr\u00fcfung dieser Seiten ist es nicht auszuschlie\u00dfen, dass Informationen typografische Fehler enthalten oder unvollst\u00e4ndig, fehlerhaft bzw. \u00fcberaltert sein k\u00f6nnen. Daher sind eine jederzeitige Gew\u00e4hrleistung und Haftung f\u00fcr Vollst\u00e4ndigkeit und Richtigkeit des Inhalts nicht m\u00f6glich und eine jederzeitige \u00c4nderung, L\u00f6schung oder Aktualisierung ohne vorherige Ank\u00fcndigung vorbehalten. Dieses gilt insbesondere auch f\u00fcr die Termine f\u00fcr Veranstaltungen.<\/p>\n<p><strong>Links<\/strong><\/p>\n<p>F\u00fcr externe Links (Webinhalte Dritter) gilt: Die Inhalte verlinkter Seiten sind zum Zeitpunkt der Einbindung auf fremdenfeindliche, rechts- und sittenwidrige Inhalte \u00fcberpr\u00fcft worden. Entsprechende Vorst\u00f6\u00dfe waren nicht erkennbar. Eine st\u00e4ndige Kontrolle ohne vorhandenen Verdacht ist weder jederzeit m\u00f6glich noch zumutbar. Bei Bekanntwerden von solchen Inhalten werden wir die entsprechenden Links sofort l\u00f6schen. F\u00fcr Hinweise sind wir jederzeit dankbar. Kontaktieren Sie uns unter \u00a0<a class=\"cm_anchor\" href=\"mailto:webmaster%40fk-villastahmer.de?subject=%20&amp;body=%20\">webmaster@fk-villastahmer.de.<\/a><\/p>\n<p><strong>Copyright<\/strong><\/p>\n<p>Dar Urheberrecht f\u00fcr die Texte und Bilder liegt \u2013 soweit nicht anders angegeben -beim Betreiber dieses Internetauftritts. Die Verwendung, Verbreitung, Vervielf\u00e4ltigung ist ohne Genehmigung des jeweiligen Rechteinhabers untersagt. Das gilt auch f\u00fcr die Ver\u00f6ffentlichung in den Medien (auch private Homepage). Sollten Sie der Meinung sein, das auf den von mir erstellten Seiten eine Urheber- oder andersartige Rechtsverletzung vorliegen k\u00f6nnte, informieren Sie uns bitte sofort. Eine E-Mail an <a class=\"cm_anchor\" href=\"mailto:webmaster%40fk-villastahmer.de?subject=%20&amp;body=%20\">webmaster@fk-villastahmer.de<\/a> reicht. Beim Vorliegen einer Rechtsverletzung wird der entsprechende Inhalt sofort beim Bekanntwerden gel\u00f6scht.<\/p>\n<p><strong>Datenschutzerkl\u00e4rung<\/strong><\/p>\n<p><strong>Allgemeiner Hinweis und Pflichtinformationen<\/strong><\/p>\n<p><strong>Benennung der verantwortlichen Stelle<\/strong><\/p>\n<p>&nbsp;<\/p>\n<p>Die verantwortliche Stelle f\u00fcr die Datenverarbeitung auf dieser Website ist:<\/p>\n<p>&nbsp;<\/p>\n<p>Freundeskreis Museum Villa Stahmer e.V.<br \/>\nG. Robin Morrison<br \/>\nNachtigallwerg 3<br \/>\n49124\u00a0Georgsmarienh\u00fctte<\/p>\n<p>&nbsp;<\/p>\n<p>Die verantwortliche Stelle entscheidet allein oder gemeinsam mit anderen \u00fcber die Zwecke und Mittel der Verarbeitung von personenbezogenen Daten (z.B. Namen, Kontaktdaten o. \u00c4.).<\/p>\n<p>&nbsp;<\/p>\n<p><strong>Widerruf Ihrer Einwilligung zur Datenverarbeitung<\/strong><\/p>\n<p>&nbsp;<\/p>\n<p>Nur mit Ihrer ausdr\u00fccklichen Einwilligung sind einige Vorg\u00e4nge der Datenverarbeitung m\u00f6glich. Ein Widerruf Ihrer bereits erteilten Einwilligung ist jederzeit m\u00f6glich. F\u00fcr den Widerruf gen\u00fcgt eine formlose Mitteilung per E-Mail. Die Rechtm\u00e4\u00dfigkeit der bis zum Widerruf erfolgten Datenverarbeitung bleibt vom Widerruf unber\u00fchrt.<\/p>\n<p><strong>Recht auf Beschwerde bei der zust\u00e4ndigen Aufsichtsbeh\u00f6rde<\/strong><\/p>\n<p>&nbsp;<\/p>\n<p>Als Betroffener steht Ihnen im Falle eines datenschutzrechtlichen Versto\u00dfes ein Beschwerderecht bei der zust\u00e4ndigen Aufsichtsbeh\u00f6rde zu. Zust\u00e4ndige Aufsichtsbeh\u00f6rde bez\u00fcglich datenschutzrechtlicher Fragen ist der Landesdatenschutzbeauftragte des Bundeslandes, in dem sich der Sitz unseres Unternehmens befindet. Der folgende Link stellt eine Liste der Datenschutzbeauftragten sowie deren Kontaktdaten bereit:\u00a0<a class=\"cm_anchor\" href=\"https:\/\/www.bfdi.bund.de\/DE\/Infothek\/Anschriften_Links\/anschriften_links-node.html\" target=\"_blank\" rel=\"noreferrer noopener\">https:\/\/www.bfdi.bund.de\/DE\/Infothek\/Anschriften_Links\/anschriften_links-node.html<\/a>.<\/p>\n<p><strong>Recht auf Daten\u00fcbertragbarkeit<\/strong><\/p>\n<p>&nbsp;<\/p>\n<p>Ihnen steht das Recht zu, Daten, die wir auf Grundlage Ihrer Einwilligung oder in Erf\u00fcllung eines Vertrags automatisiert verarbeiten, an sich oder an Dritte aush\u00e4ndigen zu lassen. Die Bereitstellung erfolgt in einem maschinenlesbaren Format. Sofern Sie die direkte \u00dcbertragung der Daten an einen anderen Verantwortlichen verlangen, erfolgt dies nur, soweit es technisch machbar ist.<\/p>\n<p>&nbsp;<\/p>\n<p><strong>Recht auf Auskunft, Berichtigung, Sperrung, L\u00f6schung<\/strong><\/p>\n<p>&nbsp;<\/p>\n<p>Sie haben jederzeit im Rahmen der geltenden gesetzlichen Bestimmungen das Recht auf unentgeltliche Auskunft \u00fcber Ihre gespeicherten personenbezogenen Daten, Herkunft der Daten, deren Empf\u00e4nger und den Zweck der Datenverarbeitung und ggf. ein Recht auf Berichtigung, Sperrung oder L\u00f6schung dieser Daten. Diesbez\u00fcglich und auch zu weiteren Fragen zum Thema personenbezogene Daten k\u00f6nnen Sie sich jederzeit \u00fcber die im Impressum aufgef\u00fchrten Kontaktm\u00f6glichkeiten an uns wenden.<\/p>\n<p>&nbsp;<\/p>\n<p><strong>SSL- bzw. TLS-Verschl\u00fcsselung<\/strong><\/p>\n<p>&nbsp;<\/p>\n<p>Aus Sicherheitsgr\u00fcnden und zum Schutz der \u00dcbertragung vertraulicher Inhalte, die Sie an uns als Seitenbetreiber senden, nutzt unsere Website eine SSL-bzw. TLS-Verschl\u00fcsselung. Damit sind Daten, die Sie \u00fcber diese Website \u00fcbermitteln, f\u00fcr Dritte nicht mitlesbar. Sie erkennen eine verschl\u00fcsselte Verbindung an der \u201ehttps:\/\/\u201c Adresszeile Ihres Browsers und am Schloss-Symbol in der Browserzeile.<\/p>\n<p><strong>Server-Log-Dateien<\/strong><\/p>\n<p>&nbsp;<\/p>\n<p>In Server-Log-Dateien erhebt und speichert der Provider der Website automatisch Informationen, die Ihr Browser automatisch an uns \u00fcbermittelt. Dies sind:<\/p>\n<p>&nbsp;<\/p>\n<ul>\n<li>Besuchte Seite auf unserer Domain<\/li>\n<li>Datum und Uhrzeit der Serveranfrage<\/li>\n<li>Browsertyp und Browserversion<\/li>\n<li>Verwendetes Betriebssystem<\/li>\n<li>Referrer URL<\/li>\n<li>Hostname des zugreifenden Rechners<\/li>\n<li>IP-Adresse<\/li>\n<\/ul>\n<p>&nbsp;<\/p>\n<p>Es findet keine Zusammenf\u00fchrung dieser Daten mit anderen Datenquellen statt. Grundlage der Datenverarbeitung bildet Art. 6 Abs. 1 lit. b DSGVO, der die Verarbeitung von Daten zur Erf\u00fcllung eines Vertrags oder vorvertraglicher Ma\u00dfnahmen gestattet.<\/p>\n<p><strong>Kontaktformular<\/strong><\/p>\n<p>&nbsp;<\/p>\n<p>Per Kontaktformular \u00fcbermittelte Daten werden einschlie\u00dflich Ihrer Kontaktdaten gespeichert, um Ihre Anfrage bearbeiten zu k\u00f6nnen oder um f\u00fcr Anschlussfragen bereitzustehen. Eine Weitergabe dieser Daten findet ohne Ihre Einwilligung nicht statt.<\/p>\n<p>&nbsp;<\/p>\n<p>Die Verarbeitung der in das Kontaktformular eingegebenen Daten erfolgt ausschlie\u00dflich auf Grundlage Ihrer Einwilligung (Art. 6 Abs. 1 lit. a DSGVO). Ein Widerruf Ihrer bereits erteilten Einwilligung ist jederzeit m\u00f6glich. F\u00fcr den Widerruf gen\u00fcgt eine formlose Mitteilung per E-Mail. Die Rechtm\u00e4\u00dfigkeit der bis zum Widerruf erfolgten Datenverarbeitungsvorg\u00e4nge bleibt vom Widerruf unber\u00fchrt.<\/p>\n<p>&nbsp;<\/p>\n<p>\u00dcber das Kontaktformular \u00fcbermittelte Daten verbleiben bei uns, bis Sie uns zur L\u00f6schung auffordern, Ihre Einwilligung zur Speicherung widerrufen oder keine Notwendigkeit der Datenspeicherung mehr besteht. Zwingende gesetzliche Bestimmungen &#8211; insbesondere Aufbewahrungsfristen &#8211; bleiben unber\u00fchrt.<\/p>\n<p>&nbsp;<\/p>\n<p><strong>YouTube<\/strong><\/p>\n<p>&nbsp;<\/p>\n<p>F\u00fcr Integration und Darstellung von Videoinhalten nutzt unsere Website Plugins von YouTube. Anbieter des Videoportals ist die YouTube, LLC, 901 Cherry Ave., San Bruno, CA 94066, USA.<\/p>\n<p>&nbsp;<\/p>\n<p>Bei Aufruf einer Seite mit integriertem YouTube-Plugin wird eine Verbindung zu den Servern von YouTube hergestellt. YouTube erf\u00e4hrt hierdurch, welche unserer Seiten Sie aufgerufen haben.<\/p>\n<p>&nbsp;<\/p>\n<p>YouTube kann Ihr Surfverhalten direkt Ihrem pers\u00f6nlichen Profil zuzuordnen, sollten Sie in Ihrem YouTube Konto eingeloggt sein. Durch vorheriges Ausloggen haben Sie die M\u00f6glichkeit, dies zu unterbinden.<\/p>\n<p>&nbsp;<\/p>\n<p>Die Nutzung von YouTube erfolgt im Interesse einer ansprechenden Darstellung unserer Online-Angebote. Dies stellt ein berechtigtes Interesse im Sinne von Art. 6 Abs. 1 lit. f DSGVO dar.<\/p>\n<p>&nbsp;<\/p>\n<p>Einzelheiten zum Umgang mit Nutzerdaten finden Sie in der Datenschutzerkl\u00e4rung von YouTube unter:\u00a0<a class=\"cm_anchor\" href=\"https:\/\/www.google.de\/intl\/de\/policies\/privacy\" target=\"_blank\" rel=\"noreferrer noopener\">https:\/\/www.google.de\/intl\/de\/policies\/privacy<\/a>.<\/p>\n<p>&nbsp;<\/p>\n<p><strong>Cookies<\/strong><\/p>\n<p>&nbsp;<\/p>\n<p>Unsere Website verwendet Cookies. Das sind kleine Textdateien, die Ihr Webbrowser auf Ihrem Endger\u00e4t speichert. Cookies helfen uns dabei, unser Angebot nutzerfreundlicher, effektiver und sicherer zu machen.<\/p>\n<p>&nbsp;<\/p>\n<p>Einige Cookies sind \u201cSession-Cookies.\u201d Solche Cookies werden nach Ende Ihrer Browser-Sitzung von selbst gel\u00f6scht. Hingegen bleiben andere Cookies auf Ihrem Endger\u00e4t bestehen, bis Sie diese selbst l\u00f6schen. Solche Cookies helfen uns, Sie bei R\u00fcckkehr auf unserer Website wiederzuerkennen.<\/p>\n<p>&nbsp;<\/p>\n<p>Mit einem modernen Webbrowser k\u00f6nnen Sie das Setzen von Cookies \u00fcberwachen, einschr\u00e4nken oder unterbinden. Viele Webbrowser lassen sich so konfigurieren, dass Cookies mit dem Schlie\u00dfen des Programms von selbst gel\u00f6scht werden. Die Deaktivierung von Cookies kann eine eingeschr\u00e4nkte Funktionalit\u00e4t unserer Website zur Folge haben.<\/p>\n<p>&nbsp;<\/p>\n<p>Das Setzen von Cookies, die zur Aus\u00fcbung elektronischer Kommunikationsvorg\u00e4nge oder der Bereitstellung bestimmter, von Ihnen erw\u00fcnschter Funktionen (z.B. Warenkorb) notwendig sind, erfolgt auf Grundlage von Art. 6 Abs. 1 lit. f DSGVO. Als Betreiber dieser Website haben wir ein berechtigtes Interesse an der Speicherung von Cookies zur technisch fehlerfreien und reibungslosen Bereitstellung unserer Dienste. Sofern die Setzung anderer Cookies (z.B. f\u00fcr Analyse-Funktionen) erfolgt, werden diese in dieser Datenschutzerkl\u00e4rung separat behandelt.<\/p>\n<p>&nbsp;<\/p>\n<p>Quelle: Datenschutz-Konfigurator von\u00a0<a class=\"cm_anchor\" href=\"http:\/\/www.mein-datenschutzbeauftragter.de\/\" target=\"_blank\" rel=\"noreferrer noopener\">mein-datenschutzbeauftragter.de<\/a><\/p>\n","protected":false},"excerpt":{"rendered":"<p>Impressum und Datenschutzerkl\u00e4rung Impressum Angaben gem\u00e4\u00df \u00a7 5 TMG Freundeskreis Museum Villa Stahmer Georgsmarienh\u00fctte e.V. Nachtigallweg 3 49124 Georgsmarienh\u00fctte Telefon: (+49) 176 70242395 E-Mail: info@fk-villastahmer.de Internet: https:\/\/www.fk-villastahmer.de vertreten durch den 1. Vorsitzenden G. Robin Morrison Nachtigallweg 3 49124 Georgsmarienh\u00fctte Telefon:&#8230; <a href=\"https:\/\/fk-villastahmer.de\/?page_id=105\" class=\"readmore\">Mehr lesen &#8230;<span class=\"screen-reader-text\">Impressum und Datenschutzerkl\u00e4rung<\/span><span class=\"fa fa-angle-double-right\" aria-hidden=\"true\"><\/span><\/a><\/p>\n","protected":false},"author":1,"featured_media":0,"parent":0,"menu_order":0,"comment_status":"closed","ping_status":"closed","template":"","meta":{"_mc_calendar":[],"footnotes":""},"class_list":["post-105","page","type-page","status-publish","hentry"],"rttpg_featured_image_url":null,"rttpg_author":{"display_name":"g","author_link":"https:\/\/fk-villastahmer.de\/?author=1"},"rttpg_comment":0,"rttpg_category":null,"rttpg_excerpt":"Impressum und Datenschutzerkl\u00e4rung Impressum Angaben gem\u00e4\u00df \u00a7 5 TMG Freundeskreis Museum Villa Stahmer Georgsmarienh\u00fctte e.V. Nachtigallweg 3 49124 Georgsmarienh\u00fctte Telefon: (+49) 176 70242395 E-Mail: info@fk-villastahmer.de Internet: https:\/\/www.fk-villastahmer.de vertreten durch den 1. Vorsitzenden G. Robin Morrison Nachtigallweg 3 49124 Georgsmarienh\u00fctte Telefon:... Mehr lesen ...Impressum und Datenschutzerkl\u00e4rung","_links":{"self":[{"href":"https:\/\/fk-villastahmer.de\/index.php?rest_route=\/wp\/v2\/pages\/105","targetHints":{"allow":["GET"]}}],"collection":[{"href":"https:\/\/fk-villastahmer.de\/index.php?rest_route=\/wp\/v2\/pages"}],"about":[{"href":"https:\/\/fk-villastahmer.de\/index.php?rest_route=\/wp\/v2\/types\/page"}],"author":[{"embeddable":true,"href":"https:\/\/fk-villastahmer.de\/index.php?rest_route=\/wp\/v2\/users\/1"}],"replies":[{"embeddable":true,"href":"https:\/\/fk-villastahmer.de\/index.php?rest_route=%2Fwp%2Fv2%2Fcomments&post=105"}],"version-history":[{"count":3,"href":"https:\/\/fk-villastahmer.de\/index.php?rest_route=\/wp\/v2\/pages\/105\/revisions"}],"predecessor-version":[{"id":406,"href":"https:\/\/fk-villastahmer.de\/index.php?rest_route=\/wp\/v2\/pages\/105\/revisions\/406"}],"wp:attachment":[{"href":"https:\/\/fk-villastahmer.de\/index.php?rest_route=%2Fwp%2Fv2%2Fmedia&parent=105"}],"curies":[{"name":"wp","href":"https:\/\/api.w.org\/{rel}","templated":true}]}}